{"id":176,"date":"2021-11-11T10:02:43","date_gmt":"2021-11-11T10:02:43","guid":{"rendered":"https:\/\/omestudios.pt\/?page_id=176"},"modified":"2021-11-12T00:49:18","modified_gmt":"2021-11-12T00:49:18","slug":"streaming","status":"publish","type":"page","link":"https:\/\/omestudios.pt\/?page_id=176","title":{"rendered":"Streaming"},"content":{"rendered":"\n<div class=\"wp-block-media-text alignwide is-stacked-on-mobile\"><figure class=\"wp-block-media-text__media\"><img loading=\"lazy\" decoding=\"async\" width=\"1000\" height=\"667\" src=\"https:\/\/omestudios.pt\/wp-content\/uploads\/2021\/11\/LIVE-SETREAMING-04-1.jpg\" alt=\"\" class=\"wp-image-241 size-full\" srcset=\"https:\/\/omestudios.pt\/wp-content\/uploads\/2021\/11\/LIVE-SETREAMING-04-1.jpg 1000w, https:\/\/omestudios.pt\/wp-content\/uploads\/2021\/11\/LIVE-SETREAMING-04-1-300x200.jpg 300w, https:\/\/omestudios.pt\/wp-content\/uploads\/2021\/11\/LIVE-SETREAMING-04-1-768x512.jpg 768w\" sizes=\"auto, (max-width: 1000px) 100vw, 1000px\" \/><\/figure><div class=\"wp-block-media-text__content\">\n<p>No Mundo OM apresentamos uma solu\u00e7\u00e3o completa aos nossos clientes. temos como principal miss\u00e3o a excel\u00eancia dos servi\u00e7os oferecidos, coordenados pelo acompanhamento de profissionais dedicados a todos os aspetos das necessidades dos nossos clientes<\/p>\n\n\n\n<p>Dispondo dos mais modernos equipamentos e equipa profissional para realizar, produzir e transmitir os seus eventos.<\/p>\n\n\n\n<p>Dispomos de ve\u00edculo&nbsp;de exterior para grava\u00e7\u00e3o ou transmiss\u00e3o em direto de audio ou v\u00eddeo.<\/p>\n\n\n\n<p>Asseguramos com toda a qualidade transmiss\u00f5es em direto ou diferido todo o tipo de eventos.<\/p>\n<\/div><\/div>\n\n\n\n<div class=\"wp-block-media-text alignwide has-media-on-the-right is-stacked-on-mobile\"><figure class=\"wp-block-media-text__media\"><img loading=\"lazy\" decoding=\"async\" width=\"1024\" height=\"536\" src=\"https:\/\/omestudios.pt\/wp-content\/uploads\/2021\/11\/LIVE-SETREAMING-05-1024x536.jpg\" alt=\"\" class=\"wp-image-242 size-full\" srcset=\"https:\/\/omestudios.pt\/wp-content\/uploads\/2021\/11\/LIVE-SETREAMING-05-1024x536.jpg 1024w, https:\/\/omestudios.pt\/wp-content\/uploads\/2021\/11\/LIVE-SETREAMING-05-300x157.jpg 300w, https:\/\/omestudios.pt\/wp-content\/uploads\/2021\/11\/LIVE-SETREAMING-05-768x402.jpg 768w, https:\/\/omestudios.pt\/wp-content\/uploads\/2021\/11\/LIVE-SETREAMING-05.jpg 1200w\" sizes=\"auto, (max-width: 1024px) 100vw, 1024px\" \/><\/figure><div class=\"wp-block-media-text__content\">\n<p>Apresentamos solu\u00e7\u00f5es de pr\u00e9-produ\u00e7\u00e3o, produ\u00e7\u00e3o e p\u00f3s-produ\u00e7\u00e3o de v\u00eddeo para o seu neg\u00f3cio, produto, servi\u00e7o ou campanha.<\/p>\n\n\n\n<p>Executamos todo o processo, do conceito \u00e0 produ\u00e7\u00e3o, da filmagem \u00e0 edi\u00e7\u00e3o, da p\u00f3s-produ\u00e7\u00e3o \u00e0 publica\u00e7\u00e3o de v\u00eddeos publicit\u00e1rios, corporativos, institucionais, anima\u00e7\u00e3o, comunica\u00e7\u00e3o interna, training, eventos \u2013 tudo o que precisar, como e quando precisar.<br>VANTAGENS<\/p>\n<\/div><\/div>\n\n\n\n<div class=\"wp-block-media-text alignwide is-stacked-on-mobile\"><figure class=\"wp-block-media-text__media\"><img loading=\"lazy\" decoding=\"async\" width=\"1024\" height=\"681\" src=\"https:\/\/omestudios.pt\/wp-content\/uploads\/2021\/11\/LIVE-SETREAMING-03-1024x681.jpg\" alt=\"\" class=\"wp-image-243 size-full\" srcset=\"https:\/\/omestudios.pt\/wp-content\/uploads\/2021\/11\/LIVE-SETREAMING-03-1024x681.jpg 1024w, https:\/\/omestudios.pt\/wp-content\/uploads\/2021\/11\/LIVE-SETREAMING-03-300x199.jpg 300w, https:\/\/omestudios.pt\/wp-content\/uploads\/2021\/11\/LIVE-SETREAMING-03-768x510.jpg 768w, https:\/\/omestudios.pt\/wp-content\/uploads\/2021\/11\/LIVE-SETREAMING-03-1536x1021.jpg 1536w, https:\/\/omestudios.pt\/wp-content\/uploads\/2021\/11\/LIVE-SETREAMING-03-2048x1361.jpg 2048w\" sizes=\"auto, (max-width: 1024px) 100vw, 1024px\" \/><\/figure><div class=\"wp-block-media-text__content\">\n<p>Os custos de uma transmiss\u00e3o online s\u00e3o muito baixos comparativamente aos custos de organiza\u00e7\u00e3o de um evento f\u00edsico de grande porte. Aliado a esta poupan\u00e7a, uma empresa ao promover um evento em Live Streaming, aumenta a audi\u00eancia, o compromisso, a visibilidade e o reconhecimento da sua marca, al\u00e9m de demonstrar seguran\u00e7a e transpar\u00eancia, dado o conte\u00fado apresentado ser transmitido em direto.<br><\/p>\n<\/div><\/div>\n\n\n\n<div class=\"wp-block-media-text alignwide has-media-on-the-right is-stacked-on-mobile\"><figure class=\"wp-block-media-text__media\"><img loading=\"lazy\" decoding=\"async\" width=\"990\" height=\"660\" src=\"https:\/\/omestudios.pt\/wp-content\/uploads\/2021\/11\/LIVE-SETREAMING-02.jpg\" alt=\"\" class=\"wp-image-244 size-full\" srcset=\"https:\/\/omestudios.pt\/wp-content\/uploads\/2021\/11\/LIVE-SETREAMING-02.jpg 990w, https:\/\/omestudios.pt\/wp-content\/uploads\/2021\/11\/LIVE-SETREAMING-02-300x200.jpg 300w, https:\/\/omestudios.pt\/wp-content\/uploads\/2021\/11\/LIVE-SETREAMING-02-768x512.jpg 768w\" sizes=\"auto, (max-width: 990px) 100vw, 990px\" \/><\/figure><div class=\"wp-block-media-text__content\">\n<p>O conte\u00fado pode ser assistido e consultado posteriormente \u00e0 transmiss\u00e3o ao vivo, gerando a oportunidade de aumentar a audi\u00eancia e o compromisso com a marca. Finalmente, o Live Streaming significa conforto \u2013 conte\u00fados normalmente mais atrativos e de f\u00e1cil assimila\u00e7\u00e3o, com m\u00e1xima qualidade de imagem e \u00e1udio, aliado \u00e0 comodidade de poderem ser vistos em qualquer lugar e qualquer aparelho, com liga\u00e7\u00e3o \u00e0 Internet.<\/p>\n<\/div><\/div>\n\n\n\n<div style=\"height:37px\" aria-hidden=\"true\" class=\"wp-block-spacer\"><\/div>\n\n\n\n<p class=\"has-text-align-center\">Avaliamos previamente as necessidades especificas de cada evento a transmitir \u2013 localiza\u00e7\u00e3o, palco, quantidade de oradores\/ entrevistados, documentos a exibir (Powerpoint, PDF, Prezi, outros), caracter\u00edsticas da emiss\u00e3o (privada, ou p\u00fablica) e a capacidade t\u00e9cnica instalada \u2013 para garantir a qualidade m\u00e1xima de emiss\u00e3o, sem qualquer interrup\u00e7\u00e3o, com o Design Broadcast adequado ao seu evento, seja para o Youtube, o Facebook, o Twitch, a nossa plataforma, ou outra plataforma escolhida por si.<\/p>\n","protected":false},"excerpt":{"rendered":"<p>No Mundo OM apresentamos uma solu\u00e7\u00e3o completa aos nossos clientes. temos como principal miss\u00e3o a excel\u00eancia dos servi\u00e7os oferecidos, coordenados pelo acompanhamento de profissionais dedicados a todos os aspetos das necessidades dos nossos clientes Dispondo dos mais modernos equipamentos e equipa profissional para realizar, produzir e transmitir os seus eventos. Dispomos de ve\u00edculo&nbsp;de exterior para [&hellip;]<\/p>\n","protected":false},"author":1,"featured_media":0,"parent":0,"menu_order":0,"comment_status":"closed","ping_status":"closed","template":"","meta":{"_eb_attr":"","footnotes":""},"class_list":["post-176","page","type-page","status-publish","hentry"],"_links":{"self":[{"href":"https:\/\/omestudios.pt\/index.php?rest_route=\/wp\/v2\/pages\/176","targetHints":{"allow":["GET"]}}],"collection":[{"href":"https:\/\/omestudios.pt\/index.php?rest_route=\/wp\/v2\/pages"}],"about":[{"href":"https:\/\/omestudios.pt\/index.php?rest_route=\/wp\/v2\/types\/page"}],"author":[{"embeddable":true,"href":"https:\/\/omestudios.pt\/index.php?rest_route=\/wp\/v2\/users\/1"}],"replies":[{"embeddable":true,"href":"https:\/\/omestudios.pt\/index.php?rest_route=%2Fwp%2Fv2%2Fcomments&post=176"}],"version-history":[{"count":5,"href":"https:\/\/omestudios.pt\/index.php?rest_route=\/wp\/v2\/pages\/176\/revisions"}],"predecessor-version":[{"id":248,"href":"https:\/\/omestudios.pt\/index.php?rest_route=\/wp\/v2\/pages\/176\/revisions\/248"}],"wp:attachment":[{"href":"https:\/\/omestudios.pt\/index.php?rest_route=%2Fwp%2Fv2%2Fmedia&parent=176"}],"curies":[{"name":"wp","href":"https:\/\/api.w.org\/{rel}","templated":true}]}}