{"id":188,"date":"2021-11-11T10:53:19","date_gmt":"2021-11-11T10:53:19","guid":{"rendered":"https:\/\/omestudios.pt\/?page_id=188"},"modified":"2022-11-28T17:45:29","modified_gmt":"2022-11-28T17:45:29","slug":"audio","status":"publish","type":"page","link":"https:\/\/omestudios.pt\/?page_id=188","title":{"rendered":"\u00c1udio"},"content":{"rendered":"\n<h2 class=\"has-text-align-center has-medium-font-size wp-block-heading\">Os nossos est\u00fadios s\u00e3o \u00f3timos espa\u00e7os de performance, proporcionando um ambiente de produ\u00e7\u00e3o e mistura que permite a comunica\u00e7\u00e3o imediata entre artistas, e produtores. Com uma cabine de grava\u00e7\u00e3o isolada em cada est\u00fadio, ambos s\u00e3o equipados com o melhor equipamento de \u00e1udio, o que os torna o local perfeito de grava\u00e7\u00e3o, edi\u00e7\u00e3o e produ\u00e7\u00e3o.<\/h2>\n\n\n\n<div style=\"height:50px\" aria-hidden=\"true\" class=\"wp-block-spacer\"><\/div>\n\n\n\n<div class=\"wp-block-columns is-layout-flex wp-container-core-columns-is-layout-9d6595d7 wp-block-columns-is-layout-flex\">\n<div class=\"wp-block-column is-layout-flow wp-block-column-is-layout-flow\" style=\"flex-basis:33.33%\">\n<figure class=\"wp-block-image size-full\"><img loading=\"lazy\" decoding=\"async\" width=\"1024\" height=\"768\" src=\"https:\/\/omestudios.pt\/wp-content\/uploads\/2022\/11\/IMG-20221128-WA0015.jpg\" alt=\"\" class=\"wp-image-446\" srcset=\"https:\/\/omestudios.pt\/wp-content\/uploads\/2022\/11\/IMG-20221128-WA0015.jpg 1024w, https:\/\/omestudios.pt\/wp-content\/uploads\/2022\/11\/IMG-20221128-WA0015-300x225.jpg 300w, https:\/\/omestudios.pt\/wp-content\/uploads\/2022\/11\/IMG-20221128-WA0015-768x576.jpg 768w\" sizes=\"auto, (max-width: 1024px) 100vw, 1024px\" \/><\/figure>\n<\/div>\n\n\n\n<div class=\"wp-block-column is-layout-flow wp-block-column-is-layout-flow\" style=\"flex-basis:66.66%\">\n<p class=\"has-luminous-vivid-orange-color has-text-color has-medium-font-size\"><strong>DOBRAGENS<\/strong><br>Temos uma extensa experi\u00eancia em dobragem. Fazemos a dobragem do seu filme, ou da sua s\u00e9rie.<\/p>\n\n\n\n<p class=\"has-black-color has-text-color has-medium-font-size\"><br><strong>LOCU\u00c7\u00c3O<\/strong><br>Trabalhamos com um grande conjunto de locutores profissionais, que re\u00fanem todas as caracter\u00edsticas que pretenda para dar o tom exato ao seu projeto.<\/p>\n<\/div>\n<\/div>\n\n\n\n<div style=\"height:32px\" aria-hidden=\"true\" class=\"wp-block-spacer\"><\/div>\n\n\n\n<div class=\"wp-block-columns is-layout-flex wp-container-core-columns-is-layout-9d6595d7 wp-block-columns-is-layout-flex\">\n<div class=\"wp-block-column is-layout-flow wp-block-column-is-layout-flow\" style=\"flex-basis:66.66%\">\n<p class=\"has-luminous-vivid-orange-color has-text-color has-medium-font-size\"><strong>ADR<\/strong><\/p>\n\n\n\n<p class=\"has-luminous-vivid-orange-color has-text-color has-medium-font-size\">Realizamos a substitui\u00e7\u00e3o autom\u00e1tica de di\u00e1logos ap\u00f3s o processo de filmagem para melhorar a qualidade do \u00e1udio ou refletir altera\u00e7\u00f5es nos di\u00e1logos, nos nossos est\u00fadios ou remotamente, atrav\u00e9s das nossas plataformas remotas.<\/p>\n\n\n\n<p class=\"has-medium-font-size\"><strong>PRODU\u00c7\u00c3O REMOTA<\/strong><\/p>\n\n\n\n<p class=\"has-medium-font-size\">Acompanhe e aprove remotamente, em tempo real a grava\u00e7\u00e3o de uma locu\u00e7\u00e3o, com liga\u00e7\u00f5es de \u00e1udio e v\u00eddeo de alta qualidade pela Internet.<\/p>\n<\/div>\n\n\n\n<div class=\"wp-block-column is-layout-flow wp-block-column-is-layout-flow\" style=\"flex-basis:33.33%\">\n<figure class=\"wp-block-image size-full\"><img loading=\"lazy\" decoding=\"async\" width=\"1024\" height=\"768\" src=\"https:\/\/omestudios.pt\/wp-content\/uploads\/2022\/11\/IMG-20221128-WA0006.jpg\" alt=\"\" class=\"wp-image-438\" srcset=\"https:\/\/omestudios.pt\/wp-content\/uploads\/2022\/11\/IMG-20221128-WA0006.jpg 1024w, https:\/\/omestudios.pt\/wp-content\/uploads\/2022\/11\/IMG-20221128-WA0006-300x225.jpg 300w, https:\/\/omestudios.pt\/wp-content\/uploads\/2022\/11\/IMG-20221128-WA0006-768x576.jpg 768w\" sizes=\"auto, (max-width: 1024px) 100vw, 1024px\" \/><\/figure>\n<\/div>\n<\/div>\n\n\n\n<div class=\"wp-block-columns is-layout-flex wp-container-core-columns-is-layout-9d6595d7 wp-block-columns-is-layout-flex\">\n<div class=\"wp-block-column is-layout-flow wp-block-column-is-layout-flow\" style=\"flex-basis:33.33%\">\n<figure class=\"wp-block-image size-full\"><img loading=\"lazy\" decoding=\"async\" width=\"1024\" height=\"768\" src=\"https:\/\/omestudios.pt\/wp-content\/uploads\/2022\/11\/IMG-20221128-WA0004.jpg\" alt=\"\" class=\"wp-image-436\" srcset=\"https:\/\/omestudios.pt\/wp-content\/uploads\/2022\/11\/IMG-20221128-WA0004.jpg 1024w, https:\/\/omestudios.pt\/wp-content\/uploads\/2022\/11\/IMG-20221128-WA0004-300x225.jpg 300w, https:\/\/omestudios.pt\/wp-content\/uploads\/2022\/11\/IMG-20221128-WA0004-768x576.jpg 768w\" sizes=\"auto, (max-width: 1024px) 100vw, 1024px\" \/><\/figure>\n<\/div>\n\n\n\n<div class=\"wp-block-column is-layout-flow wp-block-column-is-layout-flow\" style=\"flex-basis:66.66%\">\n<p class=\"has-luminous-vivid-orange-color has-text-color has-medium-font-size\"><strong>PRODU\u00c7\u00c3O E SONORIZA\u00c7\u00c3O<\/strong><\/p>\n\n\n\n<p class=\"has-luminous-vivid-orange-color has-text-color has-medium-font-size\">Produzimos spots de TV, r\u00e1dio, v\u00eddeos institucionais, document\u00e1rios e reportagens.<\/p>\n\n\n\n<p class=\"has-medium-font-size\"><strong>CASTING DE VOZES<\/strong><\/p>\n\n\n\n<p class=\"has-medium-font-size\">Diga-nos o tom que pretende e deixe o casting connosco. Voc\u00ea escolhe a voz final.<\/p>\n<\/div>\n<\/div>\n\n\n\n<div style=\"height:22px\" aria-hidden=\"true\" class=\"wp-block-spacer\"><\/div>\n\n\n\n<div class=\"wp-block-columns is-layout-flex wp-container-core-columns-is-layout-9d6595d7 wp-block-columns-is-layout-flex\">\n<div class=\"wp-block-column is-layout-flow wp-block-column-is-layout-flow\" style=\"flex-basis:66.66%\">\n<p class=\"has-luminous-vivid-orange-color has-text-color has-medium-font-size\"><strong>\u00c1UDIO PARA MULTIM\u00c9DIA<\/strong><\/p>\n\n\n\n<p class=\"has-luminous-vivid-orange-color has-text-color has-medium-font-size\">Seja voz, m\u00fasica, ou sons, produzimos o \u00e1udio para jogos, sistemas de informa\u00e7\u00e3o geogr\u00e1fica, sistemas de reconhecimento de voz, ou sistemas de resposta autom\u00e1tica.<\/p>\n\n\n\n<p class=\"has-medium-font-size\"><strong>AUDIO REPAIR LAB<\/strong><\/p>\n\n\n\n<p class=\"has-medium-font-size\">Temos equipamento especializado para recupera\u00e7\u00e3o de locu\u00e7\u00f5es e m\u00fasica em m\u00e1s condi\u00e7\u00f5es.<\/p>\n\n\n\n<div style=\"height:18px\" aria-hidden=\"true\" class=\"wp-block-spacer\"><\/div>\n<\/div>\n\n\n\n<div class=\"wp-block-column is-layout-flow wp-block-column-is-layout-flow\" style=\"flex-basis:33.33%\">\n<figure class=\"wp-block-image size-full\"><img loading=\"lazy\" decoding=\"async\" width=\"1024\" height=\"768\" src=\"https:\/\/omestudios.pt\/wp-content\/uploads\/2022\/11\/IMG-20221128-WA0011.jpg\" alt=\"\" class=\"wp-image-442\" srcset=\"https:\/\/omestudios.pt\/wp-content\/uploads\/2022\/11\/IMG-20221128-WA0011.jpg 1024w, https:\/\/omestudios.pt\/wp-content\/uploads\/2022\/11\/IMG-20221128-WA0011-300x225.jpg 300w, https:\/\/omestudios.pt\/wp-content\/uploads\/2022\/11\/IMG-20221128-WA0011-768x576.jpg 768w\" sizes=\"auto, (max-width: 1024px) 100vw, 1024px\" \/><\/figure>\n<\/div>\n<\/div>\n\n\n\n<div class=\"wp-block-columns is-layout-flex wp-container-core-columns-is-layout-9d6595d7 wp-block-columns-is-layout-flex\">\n<div class=\"wp-block-column is-layout-flow wp-block-column-is-layout-flow\" style=\"flex-basis:33.33%\">\n<figure class=\"wp-block-image size-full\"><img loading=\"lazy\" decoding=\"async\" width=\"1024\" height=\"768\" src=\"https:\/\/omestudios.pt\/wp-content\/uploads\/2022\/11\/IMG-20221128-WA0012.jpg\" alt=\"\" class=\"wp-image-443\" srcset=\"https:\/\/omestudios.pt\/wp-content\/uploads\/2022\/11\/IMG-20221128-WA0012.jpg 1024w, https:\/\/omestudios.pt\/wp-content\/uploads\/2022\/11\/IMG-20221128-WA0012-300x225.jpg 300w, https:\/\/omestudios.pt\/wp-content\/uploads\/2022\/11\/IMG-20221128-WA0012-768x576.jpg 768w\" sizes=\"auto, (max-width: 1024px) 100vw, 1024px\" \/><\/figure>\n<\/div>\n\n\n\n<div class=\"wp-block-column is-layout-flow wp-block-column-is-layout-flow\" style=\"flex-basis:66.66%\">\n<p class=\"has-luminous-vivid-orange-color has-text-color has-medium-font-size\"><strong>BANCO DE VOZ<\/strong><br>Atrav\u00e9s deste servi\u00e7o gratuito pode escolher a voz que pretende para o seu projeto atrav\u00e9s da consulta de amostras de vozes distribu\u00eddas em categorias.<\/p>\n\n\n\n<p class=\"has-medium-font-size\"><strong>PRODU\u00c7\u00c3O DE VOZ<\/strong><br>N\u00f3s concentramo-nos em oferecer uma excelente qualidade de som, um servi\u00e7o amig\u00e1vel e um fluxo de trabalho r\u00e1pido e eficiente para cada projeto.<br>Temos a experi\u00eancia, os recursos, as instala\u00e7\u00f5es e os locutores para oferecer desempenhos de personagens atraentes para p\u00fablicos.<\/p>\n<\/div>\n<\/div>\n","protected":false},"excerpt":{"rendered":"<p>Os nossos est\u00fadios s\u00e3o \u00f3timos espa\u00e7os de performance, proporcionando um ambiente de produ\u00e7\u00e3o e mistura que permite a comunica\u00e7\u00e3o imediata entre artistas, e produtores. Com uma cabine de grava\u00e7\u00e3o isolada em cada est\u00fadio, ambos s\u00e3o equipados com o melhor equipamento de \u00e1udio, o que os torna o local perfeito de grava\u00e7\u00e3o, edi\u00e7\u00e3o e produ\u00e7\u00e3o. DOBRAGENSTemos [&hellip;]<\/p>\n","protected":false},"author":1,"featured_media":0,"parent":0,"menu_order":0,"comment_status":"closed","ping_status":"closed","template":"","meta":{"_eb_attr":"","footnotes":""},"class_list":["post-188","page","type-page","status-publish","hentry"],"_links":{"self":[{"href":"https:\/\/omestudios.pt\/index.php?rest_route=\/wp\/v2\/pages\/188","targetHints":{"allow":["GET"]}}],"collection":[{"href":"https:\/\/omestudios.pt\/index.php?rest_route=\/wp\/v2\/pages"}],"about":[{"href":"https:\/\/omestudios.pt\/index.php?rest_route=\/wp\/v2\/types\/page"}],"author":[{"embeddable":true,"href":"https:\/\/omestudios.pt\/index.php?rest_route=\/wp\/v2\/users\/1"}],"replies":[{"embeddable":true,"href":"https:\/\/omestudios.pt\/index.php?rest_route=%2Fwp%2Fv2%2Fcomments&post=188"}],"version-history":[{"count":10,"href":"https:\/\/omestudios.pt\/index.php?rest_route=\/wp\/v2\/pages\/188\/revisions"}],"predecessor-version":[{"id":503,"href":"https:\/\/omestudios.pt\/index.php?rest_route=\/wp\/v2\/pages\/188\/revisions\/503"}],"wp:attachment":[{"href":"https:\/\/omestudios.pt\/index.php?rest_route=%2Fwp%2Fv2%2Fmedia&parent=188"}],"curies":[{"name":"wp","href":"https:\/\/api.w.org\/{rel}","templated":true}]}}