{"id":190,"date":"2021-11-11T10:53:40","date_gmt":"2021-11-11T10:53:40","guid":{"rendered":"https:\/\/omestudios.pt\/?page_id=190"},"modified":"2022-11-28T15:28:13","modified_gmt":"2022-11-28T15:28:13","slug":"impressao-digital","status":"publish","type":"page","link":"https:\/\/omestudios.pt\/?page_id=190","title":{"rendered":"Impress\u00e3o Digital"},"content":{"rendered":"\n<div class=\"wp-block-columns is-layout-flex wp-container-core-columns-is-layout-9d6595d7 wp-block-columns-is-layout-flex\">\n<div class=\"wp-block-column is-layout-flow wp-block-column-is-layout-flow\" style=\"flex-basis:33.33%\"><div class=\"wp-block-image\">\n<figure class=\"aligncenter size-large is-resized\"><img loading=\"lazy\" decoding=\"async\" src=\"https:\/\/omestudios.pt\/wp-content\/uploads\/2021\/11\/DIGITAL-P02-1024x686.jpg\" alt=\"\" class=\"wp-image-270\" width=\"290\" height=\"194\" srcset=\"https:\/\/omestudios.pt\/wp-content\/uploads\/2021\/11\/DIGITAL-P02-1024x686.jpg 1024w, https:\/\/omestudios.pt\/wp-content\/uploads\/2021\/11\/DIGITAL-P02-300x201.jpg 300w, https:\/\/omestudios.pt\/wp-content\/uploads\/2021\/11\/DIGITAL-P02-768x514.jpg 768w, https:\/\/omestudios.pt\/wp-content\/uploads\/2021\/11\/DIGITAL-P02-1536x1029.jpg 1536w, https:\/\/omestudios.pt\/wp-content\/uploads\/2021\/11\/DIGITAL-P02-2048x1371.jpg 2048w\" sizes=\"auto, (max-width: 290px) 100vw, 290px\" \/><\/figure>\n<\/div><\/div>\n\n\n\n<div class=\"wp-block-column is-layout-flow wp-block-column-is-layout-flow\" style=\"flex-basis:66.66%\">\n<p class=\"has-black-color has-text-color has-medium-font-size\">Um centro de impress\u00e3o moderno, tecnologica e muito bem estruturado, com capacidade de projetar, desenvolver e executar todos os servi\u00e7os em comunica\u00e7\u00e3o visual para a sua empresa.<\/p>\n\n\n\n<p class=\"has-black-color has-text-color has-medium-font-size\">Projetos para grandes empresas, ag\u00eancias de publicidade, escrit\u00f3rios de design e de arquitetura, consultorias de marca.<\/p>\n<\/div>\n<\/div>\n\n\n\n<h2 class=\"has-text-align-center has-white-color has-black-background-color has-text-color has-background wp-block-heading\">Aumente o relacionamento com os seus clientes, tornando o Centro de Impress\u00e3o um fornecedor de solu\u00e7\u00f5es inteligentes e extremamente confi\u00e1veis quando o assunto \u00e9 comunica\u00e7\u00e3o. <\/h2>\n\n\n\n<div style=\"height:10px\" aria-hidden=\"true\" class=\"wp-block-spacer\"><\/div>\n\n\n\n<div class=\"wp-block-essential-blocks-advanced-heading\"><div class=\"eb-parent-wrapper eb-parent-eb-advance-heading-dqjtss0 \"><div class=\"eb-advance-heading-wrapper eb-advance-heading-dqjtss0 button-1\" data-id=\"eb-advance-heading-dqjtss0\"><h2 class=\"eb-ah-title\">Contamos com as melhores solu\u00e7\u00f5es de impress\u00e3o de alta qualidade, em pequenos e grandes formatos. N\u00e3o h\u00e1 trabalho que n\u00e3o sejamos capazes de produzir \u2013 de vinis a lonas para empenas de edif\u00edcios, de cartazes a PLVs, de decora\u00e7\u00e3o de viaturas a tecidos decorativos. Todos os esfor\u00e7os s\u00e3o feitos no sentido de antecipar e ir de encontro \u00e0s necessidades dos nossos clientes.<br>Presentes no mercado desde\u00a0<strong>2018<\/strong>, trabalhamos diariamente para apresentar aos nossos clientes os melhores\u00a0<strong>produtos<\/strong>, aos melhores\u00a0<strong>pre\u00e7os<\/strong>\u00a0e com os melhores<strong>\u00a0prazos de entrega.<\/strong><br><br><\/h2><\/div><\/div><\/div>\n\n\n\n<div class=\"wp-block-essential-blocks-row alignfull\"><div class=\"eb-parent-wrapper eb-parent-eb-row-wpp9eor \"><div class=\"eb-row-root-container eb-row-wpp9eor\" data-id=\"eb-row-wpp9eor\"><div class=\"eb-row-wrapper\"><div class=\"eb-row-inner\">\n<div class=\"eb-parent-wrapper eb-parent-eb-column-niuwpqe  wp-block-essential-blocks-column\"><div class=\"eb-column-wrapper eb-column-niuwpqe\"><div class=\"eb-column-inner\">\n<h2 class=\"has-cyan-bluish-gray-color has-text-color wp-block-heading\">Versatilidade<\/h2>\n\n\n\n<p>Somos um empresa vers\u00e1til, dedicada \u00e0 Impress\u00e3o Digital, capaz de se adaptar \u00e0s diferentes necessidades dos nossos clientes.<\/p>\n<\/div><\/div><\/div>\n\n\n\n<div class=\"eb-parent-wrapper eb-parent-eb-column-tj6fvxt  wp-block-essential-blocks-column\"><div class=\"eb-column-wrapper eb-column-tj6fvxt\"><div class=\"eb-column-inner\">\n<h2 class=\"has-cyan-bluish-gray-color has-text-color wp-block-heading\">Din\u00e2micos<\/h2>\n\n\n\n<p>O nosso car\u00e1cter din\u00e2mico permite-nos levar a cabo projetos integrais desde a sua cria\u00e7\u00e3o at\u00e9 \u00e0 implementa\u00e7\u00e3o dos materiais.<\/p>\n<\/div><\/div><\/div>\n\n\n\n<div class=\"eb-parent-wrapper eb-parent-eb-column-igi4bd0  wp-block-essential-blocks-column\"><div class=\"eb-column-wrapper eb-column-igi4bd0\"><div class=\"eb-column-inner\">\n<h2 class=\"has-cyan-bluish-gray-color has-text-color wp-block-heading\">Qualidade<\/h2>\n\n\n\n<p>A qualidade dos nossos trabalhos \u00e9 garantida pelo acompanhamento da evolu\u00e7\u00e3o t\u00e9cnica do sector, utilizando os mais modernos equipamentos e materiais.<\/p>\n<\/div><\/div><\/div>\n\n\n\n<div class=\"eb-parent-wrapper eb-parent-eb-column-uzffrif  wp-block-essential-blocks-column\"><div class=\"eb-column-wrapper eb-column-uzffrif\"><div class=\"eb-column-inner\">\n<h2 class=\"has-cyan-bluish-gray-color has-text-color wp-block-heading\">Atendimento<\/h2>\n\n\n\n<p>O atendimento e acompanhamento personalizado que damos a todos os nossos clientes faz da MaxDigital o parceiro ideal da sua empresa.<\/p>\n<\/div><\/div><\/div>\n\n\n\n<div class=\"eb-parent-wrapper eb-parent-eb-column-dfxj6d2  wp-block-essential-blocks-column\"><div class=\"eb-column-wrapper eb-column-dfxj6d2\"><div class=\"eb-column-inner\">\n<p><\/p>\n<\/div><\/div><\/div>\n<\/div><\/div><\/div><\/div><\/div>\n\n\n\n<figure class=\"wp-block-pullquote has-medium-font-size\"><blockquote><p>Cart\u00f5es de visita | Economato de entidade (cart\u00f5es, papel timbrado, envelopes\u2026) | Cartazes | Flyers Convites diversos | Crach\u00e1s | Carimbos | Trof\u00e9us Acrilicos | Stickers | R\u00f3tulos | Brochuras<br>Ementas | Lonas | Mupis | Outdoors | Fotoc\u00f3pias at\u00e9 A3+ p\/b e cor | Impress\u00f5es at\u00e9 A0+ p\/b e cor<br>Encaderna\u00e7\u00f5es | Plastifica\u00e7\u00f5es | Impress\u00e3o e formata\u00e7\u00e3o de teses<br>Impress\u00e3o e formata\u00e7\u00e3o de curriculum\u00b4s | Impress\u00e3o de posters cientificos<br>Cria\u00e7\u00e3o gr\u00e1fica de stands | Outros servi\u00e7os de apoio<\/p><cite>Conhe\u00e7a Condi\u00e7\u00f5es: 234 060 770<\/cite><\/blockquote><\/figure>\n","protected":false},"excerpt":{"rendered":"<p>Um centro de impress\u00e3o moderno, tecnologica e muito bem estruturado, com capacidade de projetar, desenvolver e executar todos os servi\u00e7os em comunica\u00e7\u00e3o visual para a sua empresa. Projetos para grandes empresas, ag\u00eancias de publicidade, escrit\u00f3rios de design e de arquitetura, consultorias de marca. Aumente o relacionamento com os seus clientes, tornando o Centro de Impress\u00e3o [&hellip;]<\/p>\n","protected":false},"author":1,"featured_media":0,"parent":0,"menu_order":0,"comment_status":"closed","ping_status":"closed","template":"","meta":{"_eb_attr":"","footnotes":""},"class_list":["post-190","page","type-page","status-publish","hentry"],"_links":{"self":[{"href":"https:\/\/omestudios.pt\/index.php?rest_route=\/wp\/v2\/pages\/190","targetHints":{"allow":["GET"]}}],"collection":[{"href":"https:\/\/omestudios.pt\/index.php?rest_route=\/wp\/v2\/pages"}],"about":[{"href":"https:\/\/omestudios.pt\/index.php?rest_route=\/wp\/v2\/types\/page"}],"author":[{"embeddable":true,"href":"https:\/\/omestudios.pt\/index.php?rest_route=\/wp\/v2\/users\/1"}],"replies":[{"embeddable":true,"href":"https:\/\/omestudios.pt\/index.php?rest_route=%2Fwp%2Fv2%2Fcomments&post=190"}],"version-history":[{"count":12,"href":"https:\/\/omestudios.pt\/index.php?rest_route=\/wp\/v2\/pages\/190\/revisions"}],"predecessor-version":[{"id":432,"href":"https:\/\/omestudios.pt\/index.php?rest_route=\/wp\/v2\/pages\/190\/revisions\/432"}],"wp:attachment":[{"href":"https:\/\/omestudios.pt\/index.php?rest_route=%2Fwp%2Fv2%2Fmedia&parent=190"}],"curies":[{"name":"wp","href":"https:\/\/api.w.org\/{rel}","templated":true}]}}