{"id":192,"date":"2021-11-11T10:53:55","date_gmt":"2021-11-11T10:53:55","guid":{"rendered":"https:\/\/omestudios.pt\/?page_id=192"},"modified":"2022-11-28T14:18:34","modified_gmt":"2022-11-28T14:18:34","slug":"social-media","status":"publish","type":"page","link":"https:\/\/omestudios.pt\/?page_id=192","title":{"rendered":"Redes Sociais"},"content":{"rendered":"\n<h2 class=\"has-luminous-vivid-orange-color has-white-background-color has-text-color has-background has-large-font-size wp-block-heading\" style=\"text-transform:capitalize\"><em>INVISTA EM CRIATIVIDADE COM ESTRAT\u00c9GIA E TRANSFORME OS RESULTADOS DA SUA MARCA<\/em><\/h2>\n\n\n\n<div style=\"height:25px\" aria-hidden=\"true\" class=\"wp-block-spacer\"><\/div>\n\n\n\n<div class=\"wp-block-media-text alignwide is-stacked-on-mobile\"><figure class=\"wp-block-media-text__media\"><img loading=\"lazy\" decoding=\"async\" width=\"1024\" height=\"681\" src=\"https:\/\/omestudios.pt\/wp-content\/uploads\/2022\/11\/social-01-1024x681.jpg\" alt=\"\" class=\"wp-image-396 size-full\" srcset=\"https:\/\/omestudios.pt\/wp-content\/uploads\/2022\/11\/social-01-1024x681.jpg 1024w, https:\/\/omestudios.pt\/wp-content\/uploads\/2022\/11\/social-01-300x200.jpg 300w, https:\/\/omestudios.pt\/wp-content\/uploads\/2022\/11\/social-01-768x511.jpg 768w, https:\/\/omestudios.pt\/wp-content\/uploads\/2022\/11\/social-01-1536x1022.jpg 1536w, https:\/\/omestudios.pt\/wp-content\/uploads\/2022\/11\/social-01-2048x1363.jpg 2048w\" sizes=\"auto, (max-width: 1024px) 100vw, 1024px\" \/><\/figure><div class=\"wp-block-media-text__content\">\n<h4 class=\"wp-block-heading\"><em>Somos uma ag\u00eancia que entrega&nbsp;solu\u00e7\u00f5es inteligentes&nbsp;e&nbsp;resultados consistentes&nbsp;em uma abordagem sob medida para&nbsp;construir valor&nbsp;para marcas e neg\u00f3cios.<\/em><\/h4>\n<\/div><\/div>\n\n\n\n<div style=\"height:45px\" aria-hidden=\"true\" class=\"wp-block-spacer\"><\/div>\n\n\n\n<div class=\"wp-block-columns alignwide is-layout-flex wp-container-core-columns-is-layout-9d6595d7 wp-block-columns-is-layout-flex\">\n<div class=\"wp-block-column has-white-background-color has-text-color has-background has-link-color wp-elements-278e6055b0d66165cf9fe6e05aea214c is-layout-flow wp-block-column-is-layout-flow\" style=\"color:#000000;padding-top:2em;padding-right:2em;padding-bottom:2em;padding-left:2em\">\n<p class=\"has-normal-font-size\" style=\"line-height:1.5\"><img loading=\"lazy\" decoding=\"async\" width=\"150\" height=\"150\" class=\"wp-image-402\" style=\"width: 150px;\" src=\"https:\/\/omestudios.pt\/wp-content\/uploads\/2022\/11\/brandig.png\" alt=\"\" srcset=\"https:\/\/omestudios.pt\/wp-content\/uploads\/2022\/11\/brandig.png 257w, https:\/\/omestudios.pt\/wp-content\/uploads\/2022\/11\/brandig-150x150.png 150w\" sizes=\"auto, (max-width: 150px) 100vw, 150px\" \/><\/p>\n\n\n\n<div class=\"wp-block-buttons alignfull is-horizontal is-content-justification-center is-layout-flex wp-container-core-buttons-is-layout-499968f5 wp-block-buttons-is-layout-flex\">\n<div class=\"wp-block-button has-custom-width wp-block-button__width-100\"><a class=\"wp-block-button__link has-luminous-vivid-orange-color has-black-background-color has-text-color has-background wp-element-button\">BRANDING<\/a><\/div>\n<\/div>\n\n\n\n<p class=\"has-black-color has-text-color\"><em>Desenvolvimento de Marcas<\/em><\/p>\n\n\n\n<p class=\"has-black-color has-text-color\"><em>Posicionamento de Mercado<\/em><\/p>\n\n\n\n<p class=\"has-black-color has-text-color\"><em>Prop\u00f3sito e Valores<\/em><\/p>\n\n\n\n<p class=\"has-black-color has-text-color\"><em>Identidade Visual e Logotipos<\/em><\/p>\n<\/div>\n\n\n\n<div class=\"wp-block-column has-white-background-color has-text-color has-background has-link-color wp-elements-347c82cc8b207c49b73c43a5f19c9fb1 is-layout-flow wp-block-column-is-layout-flow\" style=\"color:#000000;padding-top:2em;padding-right:2em;padding-bottom:2em;padding-left:2em\">\n<p class=\"has-text-align-center has-normal-font-size\" style=\"line-height:1.5\"><img loading=\"lazy\" decoding=\"async\" width=\"150\" height=\"150\" class=\"wp-image-401\" style=\"width: 150px;\" src=\"https:\/\/omestudios.pt\/wp-content\/uploads\/2022\/11\/marketing-digital-1.png\" alt=\"\" srcset=\"https:\/\/omestudios.pt\/wp-content\/uploads\/2022\/11\/marketing-digital-1.png 257w, https:\/\/omestudios.pt\/wp-content\/uploads\/2022\/11\/marketing-digital-1-150x150.png 150w\" sizes=\"auto, (max-width: 150px) 100vw, 150px\" \/><\/p>\n\n\n\n<div class=\"wp-block-buttons alignfull is-horizontal is-content-justification-center is-layout-flex wp-container-core-buttons-is-layout-499968f5 wp-block-buttons-is-layout-flex\">\n<div class=\"wp-block-button has-custom-width wp-block-button__width-100\"><a class=\"wp-block-button__link has-luminous-vivid-orange-color has-text-color has-background wp-element-button\" style=\"background-color:#000000\"><em>MARKETING DIGITAL<\/em><\/a><\/div>\n<\/div>\n\n\n\n<p><em>Websites e Landing Pages<\/em><\/p>\n\n\n\n<p><em>Google Ads<\/em><\/p>\n\n\n\n<p><em>Email Marketing<\/em><\/p>\n\n\n\n<p><em>Social Media Marketing<\/em><\/p>\n<\/div>\n\n\n\n<div class=\"wp-block-column has-white-background-color has-text-color has-background has-link-color wp-elements-0acdac217015c5c6c5dc2ed3126b3936 is-layout-flow wp-block-column-is-layout-flow\" style=\"color:#000000;padding-top:2em;padding-right:2em;padding-bottom:2em;padding-left:2em\">\n<p class=\"has-text-align-center has-normal-font-size\" style=\"line-height:1.5\"><img loading=\"lazy\" decoding=\"async\" width=\"150\" height=\"150\" class=\"wp-image-397\" style=\"width: 150px;\" src=\"https:\/\/omestudios.pt\/wp-content\/uploads\/2022\/11\/publicidade.png\" alt=\"\" srcset=\"https:\/\/omestudios.pt\/wp-content\/uploads\/2022\/11\/publicidade.png 257w, https:\/\/omestudios.pt\/wp-content\/uploads\/2022\/11\/publicidade-150x150.png 150w\" sizes=\"auto, (max-width: 150px) 100vw, 150px\" \/><\/p>\n\n\n\n<div class=\"wp-block-buttons alignfull is-horizontal is-content-justification-center is-layout-flex wp-container-core-buttons-is-layout-499968f5 wp-block-buttons-is-layout-flex\">\n<div class=\"wp-block-button has-custom-width wp-block-button__width-100\"><a class=\"wp-block-button__link has-luminous-vivid-orange-color has-black-background-color has-text-color has-background wp-element-button\">PUBLICIDADE<\/a><\/div>\n<\/div>\n\n\n\n<p class=\"has-black-color has-text-color\"><em>Planeamento de Comunica\u00e7\u00e3o<\/em><\/p>\n\n\n\n<p class=\"has-black-color has-text-color\"><em>Cria\u00e7\u00e3o de Campanhas<\/em><\/p>\n\n\n\n<p class=\"has-black-color has-text-color\"><em>Spots para TV e R\u00e1dio<\/em><\/p>\n\n\n\n<p class=\"has-black-color has-text-color\"><em>A\u00e7\u00f5es de Ativa\u00e7\u00e3o<\/em><\/p>\n<\/div>\n<\/div>\n\n\n\n<div class=\"wp-block-essential-blocks-wrapper\"><div class=\"eb-parent-wrapper eb-parent-eb-wrapper-cveauuk \"><div class=\"eb-wrapper-outer eb-wrapper-cveauuk\"><div class=\"eb-wrapper-inner\"><div class=\"eb-wrapper-inner-blocks eb-wrapper-align-center\">\n<div class=\"wp-block-essential-blocks-notice\"><div class=\"eb-parent-wrapper eb-parent-eb-notice-3v0fxjm \"><div class=\"eb-notice-wrapper eb-notice-3v0fxjm\" data-id=\"eb-notice-3v0fxjm\" data-show-again=\"false\"><div class=\"eb-notice-title-wrapper\"><div class=\"eb-notice-title\">A import\u00e2ncia das\u00a0redes sociais<\/div><\/div><span class=\"eb-notice-dismiss\" style=\"cursor:pointer\"><\/span><div><div class=\"eb-notice-text\">Todas as empresas precisam de gest\u00e3o de redes sociais\u00a0H\u00e1 5 milh\u00f5es de portugueses que acedem regularmente \u00e0 internet e mais de 2 milh\u00f5es t\u00eam conta numa, ou em mais que uma, rede social. <br><br>Cerca de 87% deles est\u00e3o sempre on-line ou ligam-se, pelo menos, uma vez por dia.Quase 70% gostam de p\u00e1ginas de marcas e empresas no Facebook e 41% at\u00e9 admitem que melhoraram a opini\u00e3o que tinham sobre as marcas depois de as come\u00e7arem a seguir.<br><br>Segundo dados da Businessweek, as empresas que apostam nas redes sociais t\u00eam um crescimento de 24% em rela\u00e7\u00e3o \u00e0s que apostam pouco ou nada. Ainda h\u00e1 d\u00favidas?A import\u00e2ncia das\u00a0redes sociaisUma m\u00e1 gest\u00e3o das redes sociais pode ser t\u00e3o danosa para as marcas como a aus\u00eancia de gest\u00e3o.<br><br>As redes sociais s\u00e3o plataformas de comunica\u00e7\u00e3o. N\u00e3o s\u00e3o reposit\u00f3rios de conte\u00fados, nem palanques nos quais as empresas falam de alto para o seu p\u00fablico, dizendo-lhe o que fazer, do que gostar ou que produtos comprar.Nas redes sociais a comunica\u00e7\u00e3o \u00e9 bilateral e o p\u00fablico est\u00e1 ao mesmo n\u00edvel da marca. Falam de igual para igual, como amigos que se conhecem desde a escola.Quando se comunica com amigos, \u00e9 t\u00e3o importante falar como ouvir. <br><br>E \u00e9 fundamental que, quando for a nossa vez de falar, sejamos capazes de dizer algo que lhes interessa. Caso contr\u00e1rio, deixam-nos a falar sozinhos e esquecem-nos com a mesma velocidade com que trocam de camisa ou mudam o canal da televis\u00e3o.<br><br><strong>Uma m\u00e1 gest\u00e3o das redes sociais pode ser t\u00e3o danosa para as marcas como a aus\u00eancia de gest\u00e3o.<\/strong><br><br>As redes sociais s\u00e3o plataformas de comunica\u00e7\u00e3o. N\u00e3o s\u00e3o reposit\u00f3rios de conte\u00fados, nem palanques nos quais as empresas falam de alto para o seu p\u00fablico, dizendo-lhe o que fazer, do que gostar ou que produtos comprar.<br><br>Nas redes sociais a comunica\u00e7\u00e3o \u00e9 bilateral e o p\u00fablico est\u00e1 ao mesmo n\u00edvel da marca. Falam de igual para igual, como amigos que se conhecem desde a escola.<br><br>Quando se comunica com amigos, \u00e9 t\u00e3o importante falar como ouvir. E \u00e9 fundamental que, quando for a nossa vez de falar, sejamos capazes de dizer algo que lhes interessa. Caso contr\u00e1rio, deixam-nos a falar sozinhos e esquecem-nos com a mesma velocidade com que trocam de camisa ou mudam o canal da televis\u00e3o.<br><br><strong>Com a OMEst\u00fadios a gerir as redes sociais, as empresas v\u00e3o ter clientes mais satisfeitos e felizes. <br><\/strong><br>Este \u00e9 o primeiro ponto e o mais importante.<br>Tamb\u00e9m v\u00e3o ter mais clientes. Primeiro, clientes de informa\u00e7\u00e3o nas redes sociais e depois, clientes de produtos e servi\u00e7os.<br><br>O enfoque primordial ser\u00e1 dado ao Facebook e Instagram. De momento, s\u00e3o as redes sociais mais importantes em Portugal. <br><br>Com mais utilizadores e maior n\u00famero de comunica\u00e7\u00f5es. Mas como no mundo digital os princ\u00edpios fundamentais mudam a uma velocidade assustadora, n\u00e3o deixamos de piscar o olho a redes como o LinkedIn, Twitter e Youtube.<\/div><\/div><\/div><\/div><\/div>\n<\/div><\/div><\/div><\/div><\/div>\n\n\n\n<div class=\"wp-block-media-text alignwide is-stacked-on-mobile\"><figure class=\"wp-block-media-text__media\"><img loading=\"lazy\" decoding=\"async\" width=\"568\" height=\"430\" src=\"https:\/\/omestudios.pt\/wp-content\/uploads\/2021\/11\/redes-sociais-04.png\" alt=\"\" class=\"wp-image-278 size-full\" srcset=\"https:\/\/omestudios.pt\/wp-content\/uploads\/2021\/11\/redes-sociais-04.png 568w, https:\/\/omestudios.pt\/wp-content\/uploads\/2021\/11\/redes-sociais-04-300x227.png 300w\" sizes=\"auto, (max-width: 568px) 100vw, 568px\" \/><\/figure><div class=\"wp-block-media-text__content\">\n<h3 class=\"wp-block-heading\">Precisa de mais<br>informa\u00e7\u00f5es?<\/h3>\n\n\n\n<h2 class=\"wp-block-heading\"><strong>Ligue 234 060 770<\/strong><\/h2>\n<\/div><\/div>\n\n\n\n<p>Ou complete o formul\u00e1rio e em breve ser\u00e1 contactado.<\/p>\n\n\n\n<div\n\tclass=\"root-eb-wpforms-l1jfr58 wp-block-essential-blocks-wpforms\">\n\t<div class=\"eb-parent-eb-wpforms-l1jfr58  eb-parent-wrapper\">\n\t\t<div class=\"eb-wpforms-l1jfr58 eb-wpforms-wrapper\">\n\t\t\t<div class=\"wpforms-container wpforms-container-full\" id=\"wpforms-412\"><form id=\"wpforms-form-412\" class=\"wpforms-validate wpforms-form wpforms-ajax-form\" data-formid=\"412\" method=\"post\" enctype=\"multipart\/form-data\" action=\"\/index.php?rest_route=%2Fwp%2Fv2%2Fpages%2F192\" data-token=\"15c0e1ac810e59b45be842ae62e1fb57\" data-token-time=\"1776204643\"><noscript class=\"wpforms-error-noscript\">Please enable JavaScript in your browser to complete this form.<\/noscript><div class=\"wpforms-field-container\"><div id=\"wpforms-412-field_2-container\" class=\"wpforms-field wpforms-field-text\" data-field-id=\"2\"><label class=\"wpforms-field-label\" for=\"wpforms-412-field_2\">Nome da Empresa<\/label><input type=\"text\" id=\"wpforms-412-field_2\" class=\"wpforms-field-medium\" name=\"wpforms[fields][2]\" ><div class=\"wpforms-field-description\">Insira o nome da sua empresa (opcional)<\/div><\/div><div id=\"wpforms-412-field_4-container\" class=\"wpforms-field wpforms-field-name\" data-field-id=\"4\"><label class=\"wpforms-field-label\" for=\"wpforms-412-field_4\">O Seu Nome <span class=\"wpforms-required-label\">*<\/span><\/label><input type=\"text\" id=\"wpforms-412-field_4\" class=\"wpforms-field-medium wpforms-field-required\" name=\"wpforms[fields][4]\" required><\/div><div id=\"wpforms-412-field_5-container\" class=\"wpforms-field wpforms-field-email\" data-field-id=\"5\"><label class=\"wpforms-field-label\" for=\"wpforms-412-field_5\">Email <span class=\"wpforms-required-label\">*<\/span><\/label><input type=\"email\" id=\"wpforms-412-field_5\" class=\"wpforms-field-medium wpforms-field-required\" name=\"wpforms[fields][5]\" spellcheck=\"false\" required><\/div><div id=\"wpforms-412-field_6-container\" class=\"wpforms-field wpforms-field-text\" data-field-id=\"6\"><label class=\"wpforms-field-label\" for=\"wpforms-412-field_6\">Telf \/ Telm <span class=\"wpforms-required-label\">*<\/span><\/label><input type=\"text\" id=\"wpforms-412-field_6\" class=\"wpforms-field-medium wpforms-field-required\" name=\"wpforms[fields][6]\" required><\/div><div id=\"wpforms-412-field_1-container\" class=\"wpforms-field wpforms-field-textarea\" data-field-id=\"1\"><label class=\"wpforms-field-label\" for=\"wpforms-412-field_1\">A sua mensagem para a nossa equipa <span class=\"wpforms-required-label\">*<\/span><\/label><textarea id=\"wpforms-412-field_1\" class=\"wpforms-field-medium wpforms-field-required\" name=\"wpforms[fields][1]\" required><\/textarea><\/div><\/div><!-- .wpforms-field-container --><div class=\"wpforms-submit-container\" ><input type=\"hidden\" name=\"wpforms[id]\" value=\"412\"><input type=\"hidden\" name=\"page_title\" value=\"\"><input type=\"hidden\" name=\"page_url\" value=\"https:\/\/omestudios.pt\/index.php?rest_route=\/wp\/v2\/pages\/192\"><input type=\"hidden\" name=\"url_referer\" value=\"\"><button type=\"submit\" name=\"wpforms[submit]\" id=\"wpforms-submit-412\" class=\"wpforms-submit\" data-alt-text=\"Enviado...\" data-submit-text=\"Enviar\" aria-live=\"assertive\" value=\"wpforms-submit\">Enviar<\/button><img loading=\"lazy\" decoding=\"async\" src=\"https:\/\/omestudios.pt\/wp-content\/plugins\/wpforms-lite\/assets\/images\/submit-spin.svg\" class=\"wpforms-submit-spinner\" style=\"display: none;\" width=\"26\" height=\"26\" alt=\"Loading\"><\/div><\/form><\/div>  <!-- .wpforms-container -->\t\t<\/div>\n\t<\/div>\n<\/div>\n","protected":false},"excerpt":{"rendered":"<p>INVISTA EM CRIATIVIDADE COM ESTRAT\u00c9GIA E TRANSFORME OS RESULTADOS DA SUA MARCA Somos uma ag\u00eancia que entrega&nbsp;solu\u00e7\u00f5es inteligentes&nbsp;e&nbsp;resultados consistentes&nbsp;em uma abordagem sob medida para&nbsp;construir valor&nbsp;para marcas e neg\u00f3cios. Desenvolvimento de Marcas Posicionamento de Mercado Prop\u00f3sito e Valores Identidade Visual e Logotipos Websites e Landing Pages Google Ads Email Marketing Social Media Marketing Planeamento de Comunica\u00e7\u00e3o [&hellip;]<\/p>\n","protected":false},"author":1,"featured_media":396,"parent":0,"menu_order":0,"comment_status":"closed","ping_status":"closed","template":"","meta":{"_eb_attr":"","footnotes":""},"class_list":["post-192","page","type-page","status-publish","has-post-thumbnail","hentry"],"_links":{"self":[{"href":"https:\/\/omestudios.pt\/index.php?rest_route=\/wp\/v2\/pages\/192","targetHints":{"allow":["GET"]}}],"collection":[{"href":"https:\/\/omestudios.pt\/index.php?rest_route=\/wp\/v2\/pages"}],"about":[{"href":"https:\/\/omestudios.pt\/index.php?rest_route=\/wp\/v2\/types\/page"}],"author":[{"embeddable":true,"href":"https:\/\/omestudios.pt\/index.php?rest_route=\/wp\/v2\/users\/1"}],"replies":[{"embeddable":true,"href":"https:\/\/omestudios.pt\/index.php?rest_route=%2Fwp%2Fv2%2Fcomments&post=192"}],"version-history":[{"count":29,"href":"https:\/\/omestudios.pt\/index.php?rest_route=\/wp\/v2\/pages\/192\/revisions"}],"predecessor-version":[{"id":421,"href":"https:\/\/omestudios.pt\/index.php?rest_route=\/wp\/v2\/pages\/192\/revisions\/421"}],"wp:featuredmedia":[{"embeddable":true,"href":"https:\/\/omestudios.pt\/index.php?rest_route=\/wp\/v2\/media\/396"}],"wp:attachment":[{"href":"https:\/\/omestudios.pt\/index.php?rest_route=%2Fwp%2Fv2%2Fmedia&parent=192"}],"curies":[{"name":"wp","href":"https:\/\/api.w.org\/{rel}","templated":true}]}}