{"id":205,"date":"2021-11-11T11:04:05","date_gmt":"2021-11-11T11:04:05","guid":{"rendered":"https:\/\/omestudios.pt\/?page_id=205"},"modified":"2022-11-28T16:16:03","modified_gmt":"2022-11-28T16:16:03","slug":"mundo-om","status":"publish","type":"page","link":"https:\/\/omestudios.pt\/?page_id=205","title":{"rendered":"Mundo OM"},"content":{"rendered":"\n<figure class=\"wp-block-image size-large\"><img loading=\"lazy\" decoding=\"async\" width=\"1024\" height=\"576\" src=\"https:\/\/omestudios.pt\/wp-content\/uploads\/2021\/09\/press-conference-event-camera-recording-outdoor-me-95PLD7M-1024x576.jpg\" alt=\"\" class=\"wp-image-117\" srcset=\"https:\/\/omestudios.pt\/wp-content\/uploads\/2021\/09\/press-conference-event-camera-recording-outdoor-me-95PLD7M-1024x576.jpg 1024w, https:\/\/omestudios.pt\/wp-content\/uploads\/2021\/09\/press-conference-event-camera-recording-outdoor-me-95PLD7M-300x169.jpg 300w, https:\/\/omestudios.pt\/wp-content\/uploads\/2021\/09\/press-conference-event-camera-recording-outdoor-me-95PLD7M-768x432.jpg 768w, https:\/\/omestudios.pt\/wp-content\/uploads\/2021\/09\/press-conference-event-camera-recording-outdoor-me-95PLD7M-1536x864.jpg 1536w, https:\/\/omestudios.pt\/wp-content\/uploads\/2021\/09\/press-conference-event-camera-recording-outdoor-me-95PLD7M-2048x1153.jpg 2048w\" sizes=\"auto, (max-width: 1024px) 100vw, 1024px\" \/><\/figure>\n\n\n\n<div style=\"height:26px\" aria-hidden=\"true\" class=\"wp-block-spacer\"><\/div>\n\n\n\n<h2 class=\"has-text-align-center wp-block-heading\">STREAMING | AUDIO | IMPRESS\u00c3O | SOCIAL MEDIA<\/h2>\n\n\n\n<div style=\"height:24px\" aria-hidden=\"true\" class=\"wp-block-spacer\"><\/div>\n\n\n\n<div class=\"wp-block-media-text alignwide is-stacked-on-mobile\"><figure class=\"wp-block-media-text__media\"><img loading=\"lazy\" decoding=\"async\" width=\"1024\" height=\"683\" src=\"https:\/\/omestudios.pt\/wp-content\/uploads\/2021\/11\/Live-streaming-set-up-1024x683.jpg\" alt=\"\" class=\"wp-image-288 size-full\" srcset=\"https:\/\/omestudios.pt\/wp-content\/uploads\/2021\/11\/Live-streaming-set-up-1024x683.jpg 1024w, https:\/\/omestudios.pt\/wp-content\/uploads\/2021\/11\/Live-streaming-set-up-300x200.jpg 300w, https:\/\/omestudios.pt\/wp-content\/uploads\/2021\/11\/Live-streaming-set-up-768x512.jpg 768w, https:\/\/omestudios.pt\/wp-content\/uploads\/2021\/11\/Live-streaming-set-up.jpg 1200w\" sizes=\"auto, (max-width: 1024px) 100vw, 1024px\" \/><\/figure><div class=\"wp-block-media-text__content\">\n<p class=\"has-medium-font-size\"><br>Avaliamos previamente as necessidades especificas de cada evento a transmitir \u2013 localiza\u00e7\u00e3o, palco, quantidade de oradores\/ entrevistados, documentos a exibir (Powerpoint, PDF, Prezi, outros), caracter\u00edsticas da emiss\u00e3o (privada, ou p\u00fablica) e a capacidade t\u00e9cnica instalada \u2013 para garantir a qualidade m\u00e1xima de emiss\u00e3o, sem qualquer interrup\u00e7\u00e3o, com o Design Broadcast adequado ao seu evento, seja para o Youtube, o Facebook, o Twitch, a nossa plataforma, ou outra plataforma escolhida por si.<\/p>\n<\/div><\/div>\n\n\n\n<div style=\"height:22px\" aria-hidden=\"true\" class=\"wp-block-spacer\"><\/div>\n\n\n\n<div class=\"wp-block-media-text alignwide has-media-on-the-right is-stacked-on-mobile\"><div class=\"wp-block-media-text__content\">\n<p class=\"has-medium-font-size\">Um centro de impress\u00e3o moderno, tecnologica e muito bem estruturado, com capacidade de projetar, desenvolver e executar todos os servi\u00e7os em comunica\u00e7\u00e3o visual para a sua empresa.<\/p>\n\n\n\n<p class=\"has-medium-font-size\">Projetos para grandes empresas, ag\u00eancias de publicidade, escrit\u00f3rios de design e de arquitetura, consultorias de marca.<\/p>\n<\/div><figure class=\"wp-block-media-text__media\"><img loading=\"lazy\" decoding=\"async\" width=\"888\" height=\"480\" src=\"https:\/\/omestudios.pt\/wp-content\/uploads\/2021\/11\/impressao-digital-1.jpg\" alt=\"\" class=\"wp-image-291 size-full\" srcset=\"https:\/\/omestudios.pt\/wp-content\/uploads\/2021\/11\/impressao-digital-1.jpg 888w, https:\/\/omestudios.pt\/wp-content\/uploads\/2021\/11\/impressao-digital-1-300x162.jpg 300w, https:\/\/omestudios.pt\/wp-content\/uploads\/2021\/11\/impressao-digital-1-768x415.jpg 768w\" sizes=\"auto, (max-width: 888px) 100vw, 888px\" \/><\/figure><\/div>\n\n\n\n<div style=\"height:7px\" aria-hidden=\"true\" class=\"wp-block-spacer\"><\/div>\n\n\n\n<div class=\"wp-block-essential-blocks-image-gallery\"><div class=\"eb-parent-wrapper eb-parent-eb-image-gallery-krjnpvz \"><div class=\"eb-gallery-img-wrapper eb-image-gallery-krjnpvz grid overlay-bottom caption-style-0 \" data-id=\"eb-image-gallery-krjnpvz\"><a href=\"https:\/\/omestudios.pt\/wp-content\/uploads\/2022\/11\/IMG-20221128-WA0042.jpg\" class=\"eb-gallery-img-content\" data-fslightbox=\"gallery\" data-type=\"image\"><span class=\"eb-gallery-link-wrapper\"><img decoding=\"async\" class=\"eb-gallery-img\" src=\"https:\/\/omestudios.pt\/wp-content\/uploads\/2022\/11\/IMG-20221128-WA0042.jpg\" image-index=\"0\"\/><\/span><\/a><a href=\"https:\/\/omestudios.pt\/wp-content\/uploads\/2022\/11\/IMG-20221128-WA0041.jpg\" class=\"eb-gallery-img-content\" data-fslightbox=\"gallery\" data-type=\"image\"><span class=\"eb-gallery-link-wrapper\"><img decoding=\"async\" class=\"eb-gallery-img\" src=\"https:\/\/omestudios.pt\/wp-content\/uploads\/2022\/11\/IMG-20221128-WA0041.jpg\" image-index=\"1\"\/><\/span><\/a><a href=\"https:\/\/omestudios.pt\/wp-content\/uploads\/2022\/11\/IMG-20221128-WA0040.jpg\" class=\"eb-gallery-img-content\" data-fslightbox=\"gallery\" data-type=\"image\"><span class=\"eb-gallery-link-wrapper\"><img decoding=\"async\" class=\"eb-gallery-img\" src=\"https:\/\/omestudios.pt\/wp-content\/uploads\/2022\/11\/IMG-20221128-WA0040.jpg\" image-index=\"2\"\/><\/span><\/a><a href=\"https:\/\/omestudios.pt\/wp-content\/uploads\/2022\/11\/IMG-20221128-WA0039.jpg\" class=\"eb-gallery-img-content\" data-fslightbox=\"gallery\" data-type=\"image\"><span class=\"eb-gallery-link-wrapper\"><img decoding=\"async\" class=\"eb-gallery-img\" src=\"https:\/\/omestudios.pt\/wp-content\/uploads\/2022\/11\/IMG-20221128-WA0039.jpg\" image-index=\"3\"\/><\/span><\/a><a href=\"https:\/\/omestudios.pt\/wp-content\/uploads\/2022\/11\/IMG-20221128-WA0038.jpg\" class=\"eb-gallery-img-content\" data-fslightbox=\"gallery\" data-type=\"image\"><span class=\"eb-gallery-link-wrapper\"><img decoding=\"async\" class=\"eb-gallery-img\" src=\"https:\/\/omestudios.pt\/wp-content\/uploads\/2022\/11\/IMG-20221128-WA0038.jpg\" image-index=\"4\"\/><\/span><\/a><a href=\"https:\/\/omestudios.pt\/wp-content\/uploads\/2022\/11\/IMG-20221128-WA0037.jpg\" class=\"eb-gallery-img-content\" data-fslightbox=\"gallery\" data-type=\"image\"><span class=\"eb-gallery-link-wrapper\"><img decoding=\"async\" class=\"eb-gallery-img\" src=\"https:\/\/omestudios.pt\/wp-content\/uploads\/2022\/11\/IMG-20221128-WA0037.jpg\" image-index=\"5\"\/><\/span><\/a><a href=\"https:\/\/omestudios.pt\/wp-content\/uploads\/2022\/11\/IMG-20221128-WA0036.jpg\" class=\"eb-gallery-img-content\" data-fslightbox=\"gallery\" data-type=\"image\"><span class=\"eb-gallery-link-wrapper\"><img decoding=\"async\" class=\"eb-gallery-img\" src=\"https:\/\/omestudios.pt\/wp-content\/uploads\/2022\/11\/IMG-20221128-WA0036.jpg\" image-index=\"6\"\/><\/span><\/a><a href=\"https:\/\/omestudios.pt\/wp-content\/uploads\/2022\/11\/IMG-20221128-WA0035.jpg\" class=\"eb-gallery-img-content\" data-fslightbox=\"gallery\" data-type=\"image\"><span class=\"eb-gallery-link-wrapper\"><img decoding=\"async\" class=\"eb-gallery-img\" src=\"https:\/\/omestudios.pt\/wp-content\/uploads\/2022\/11\/IMG-20221128-WA0035.jpg\" image-index=\"7\"\/><\/span><\/a><a href=\"https:\/\/omestudios.pt\/wp-content\/uploads\/2022\/11\/IMG-20221128-WA0034.jpg\" class=\"eb-gallery-img-content\" data-fslightbox=\"gallery\" data-type=\"image\"><span class=\"eb-gallery-link-wrapper\"><img decoding=\"async\" class=\"eb-gallery-img\" src=\"https:\/\/omestudios.pt\/wp-content\/uploads\/2022\/11\/IMG-20221128-WA0034.jpg\" image-index=\"8\"\/><\/span><\/a><a href=\"https:\/\/omestudios.pt\/wp-content\/uploads\/2022\/11\/IMG-20221128-WA0025.jpg\" class=\"eb-gallery-img-content\" data-fslightbox=\"gallery\" data-type=\"image\"><span class=\"eb-gallery-link-wrapper\"><img decoding=\"async\" class=\"eb-gallery-img\" src=\"https:\/\/omestudios.pt\/wp-content\/uploads\/2022\/11\/IMG-20221128-WA0025.jpg\" image-index=\"9\"\/><\/span><\/a><a href=\"https:\/\/omestudios.pt\/wp-content\/uploads\/2022\/11\/IMG-20221128-WA0026.jpg\" class=\"eb-gallery-img-content\" data-fslightbox=\"gallery\" data-type=\"image\"><span class=\"eb-gallery-link-wrapper\"><img decoding=\"async\" class=\"eb-gallery-img\" src=\"https:\/\/omestudios.pt\/wp-content\/uploads\/2022\/11\/IMG-20221128-WA0026.jpg\" image-index=\"10\"\/><\/span><\/a><a href=\"https:\/\/omestudios.pt\/wp-content\/uploads\/2022\/11\/IMG-20221128-WA0027.jpg\" class=\"eb-gallery-img-content\" data-fslightbox=\"gallery\" data-type=\"image\"><span class=\"eb-gallery-link-wrapper\"><img decoding=\"async\" class=\"eb-gallery-img\" src=\"https:\/\/omestudios.pt\/wp-content\/uploads\/2022\/11\/IMG-20221128-WA0027.jpg\" image-index=\"11\"\/><\/span><\/a><a href=\"https:\/\/omestudios.pt\/wp-content\/uploads\/2022\/11\/IMG-20221128-WA0028.jpg\" class=\"eb-gallery-img-content\" data-fslightbox=\"gallery\" data-type=\"image\"><span class=\"eb-gallery-link-wrapper\"><img decoding=\"async\" class=\"eb-gallery-img\" src=\"https:\/\/omestudios.pt\/wp-content\/uploads\/2022\/11\/IMG-20221128-WA0028.jpg\" image-index=\"12\"\/><\/span><\/a><a href=\"https:\/\/omestudios.pt\/wp-content\/uploads\/2022\/11\/IMG-20221128-WA0029.jpg\" class=\"eb-gallery-img-content\" data-fslightbox=\"gallery\" data-type=\"image\"><span class=\"eb-gallery-link-wrapper\"><img decoding=\"async\" class=\"eb-gallery-img\" src=\"https:\/\/omestudios.pt\/wp-content\/uploads\/2022\/11\/IMG-20221128-WA0029.jpg\" image-index=\"13\"\/><\/span><\/a><a href=\"https:\/\/omestudios.pt\/wp-content\/uploads\/2022\/11\/IMG-20221128-WA0030.jpg\" class=\"eb-gallery-img-content\" data-fslightbox=\"gallery\" data-type=\"image\"><span class=\"eb-gallery-link-wrapper\"><img decoding=\"async\" class=\"eb-gallery-img\" src=\"https:\/\/omestudios.pt\/wp-content\/uploads\/2022\/11\/IMG-20221128-WA0030.jpg\" image-index=\"14\"\/><\/span><\/a><a href=\"https:\/\/omestudios.pt\/wp-content\/uploads\/2022\/11\/IMG-20221128-WA0031.jpg\" class=\"eb-gallery-img-content\" data-fslightbox=\"gallery\" data-type=\"image\"><span class=\"eb-gallery-link-wrapper\"><img decoding=\"async\" class=\"eb-gallery-img\" src=\"https:\/\/omestudios.pt\/wp-content\/uploads\/2022\/11\/IMG-20221128-WA0031.jpg\" image-index=\"15\"\/><\/span><\/a><a href=\"https:\/\/omestudios.pt\/wp-content\/uploads\/2022\/11\/IMG-20221128-WA0032.jpg\" class=\"eb-gallery-img-content\" data-fslightbox=\"gallery\" data-type=\"image\"><span class=\"eb-gallery-link-wrapper\"><img decoding=\"async\" class=\"eb-gallery-img\" src=\"https:\/\/omestudios.pt\/wp-content\/uploads\/2022\/11\/IMG-20221128-WA0032.jpg\" image-index=\"16\"\/><\/span><\/a><a href=\"https:\/\/omestudios.pt\/wp-content\/uploads\/2022\/11\/IMG-20221128-WA0033.jpg\" class=\"eb-gallery-img-content\" data-fslightbox=\"gallery\" data-type=\"image\"><span class=\"eb-gallery-link-wrapper\"><img decoding=\"async\" class=\"eb-gallery-img\" src=\"https:\/\/omestudios.pt\/wp-content\/uploads\/2022\/11\/IMG-20221128-WA0033.jpg\" image-index=\"17\"\/><\/span><\/a><a href=\"https:\/\/omestudios.pt\/wp-content\/uploads\/2022\/11\/IMG-20221128-WA0024.jpg\" class=\"eb-gallery-img-content\" data-fslightbox=\"gallery\" data-type=\"image\"><span class=\"eb-gallery-link-wrapper\"><img decoding=\"async\" class=\"eb-gallery-img\" src=\"https:\/\/omestudios.pt\/wp-content\/uploads\/2022\/11\/IMG-20221128-WA0024.jpg\" image-index=\"18\"\/><\/span><\/a><a href=\"https:\/\/omestudios.pt\/wp-content\/uploads\/2022\/11\/IMG-20221128-WA0023.jpg\" class=\"eb-gallery-img-content\" data-fslightbox=\"gallery\" data-type=\"image\"><span class=\"eb-gallery-link-wrapper\"><img decoding=\"async\" class=\"eb-gallery-img\" src=\"https:\/\/omestudios.pt\/wp-content\/uploads\/2022\/11\/IMG-20221128-WA0023.jpg\" image-index=\"19\"\/><\/span><\/a><a href=\"https:\/\/omestudios.pt\/wp-content\/uploads\/2022\/11\/IMG-20221128-WA0022.jpg\" class=\"eb-gallery-img-content\" data-fslightbox=\"gallery\" data-type=\"image\"><span class=\"eb-gallery-link-wrapper\"><img decoding=\"async\" class=\"eb-gallery-img\" src=\"https:\/\/omestudios.pt\/wp-content\/uploads\/2022\/11\/IMG-20221128-WA0022.jpg\" image-index=\"20\"\/><\/span><\/a><a href=\"https:\/\/omestudios.pt\/wp-content\/uploads\/2022\/11\/IMG-20221128-WA0021.jpg\" class=\"eb-gallery-img-content\" data-fslightbox=\"gallery\" data-type=\"image\"><span class=\"eb-gallery-link-wrapper\"><img decoding=\"async\" class=\"eb-gallery-img\" src=\"https:\/\/omestudios.pt\/wp-content\/uploads\/2022\/11\/IMG-20221128-WA0021.jpg\" image-index=\"21\"\/><\/span><\/a><a href=\"https:\/\/omestudios.pt\/wp-content\/uploads\/2022\/11\/IMG-20221128-WA0020.jpg\" class=\"eb-gallery-img-content\" data-fslightbox=\"gallery\" data-type=\"image\"><span class=\"eb-gallery-link-wrapper\"><img decoding=\"async\" class=\"eb-gallery-img\" src=\"https:\/\/omestudios.pt\/wp-content\/uploads\/2022\/11\/IMG-20221128-WA0020.jpg\" image-index=\"22\"\/><\/span><\/a><a href=\"https:\/\/omestudios.pt\/wp-content\/uploads\/2022\/11\/IMG-20221128-WA0019.jpg\" class=\"eb-gallery-img-content\" data-fslightbox=\"gallery\" data-type=\"image\"><span class=\"eb-gallery-link-wrapper\"><img decoding=\"async\" class=\"eb-gallery-img\" src=\"https:\/\/omestudios.pt\/wp-content\/uploads\/2022\/11\/IMG-20221128-WA0019.jpg\" image-index=\"23\"\/><\/span><\/a><a href=\"https:\/\/omestudios.pt\/wp-content\/uploads\/2022\/11\/IMG-20221128-WA0018.jpg\" class=\"eb-gallery-img-content\" data-fslightbox=\"gallery\" data-type=\"image\"><span class=\"eb-gallery-link-wrapper\"><img decoding=\"async\" class=\"eb-gallery-img\" src=\"https:\/\/omestudios.pt\/wp-content\/uploads\/2022\/11\/IMG-20221128-WA0018.jpg\" image-index=\"24\"\/><\/span><\/a><a href=\"https:\/\/omestudios.pt\/wp-content\/uploads\/2022\/11\/IMG-20221128-WA0017.jpg\" class=\"eb-gallery-img-content\" data-fslightbox=\"gallery\" data-type=\"image\"><span class=\"eb-gallery-link-wrapper\"><img decoding=\"async\" class=\"eb-gallery-img\" src=\"https:\/\/omestudios.pt\/wp-content\/uploads\/2022\/11\/IMG-20221128-WA0017.jpg\" image-index=\"25\"\/><\/span><\/a><a href=\"https:\/\/omestudios.pt\/wp-content\/uploads\/2022\/11\/IMG-20221128-WA0043.jpg\" class=\"eb-gallery-img-content\" data-fslightbox=\"gallery\" data-type=\"image\"><span class=\"eb-gallery-link-wrapper\"><img decoding=\"async\" class=\"eb-gallery-img\" src=\"https:\/\/omestudios.pt\/wp-content\/uploads\/2022\/11\/IMG-20221128-WA0043.jpg\" image-index=\"26\"\/><\/span><\/a><\/div><\/div><\/div>\n\n\n\n<p class=\"has-text-align-center\">Para melhores resultados, avalie frequentemente<br>A an\u00e1lise de resultados nas redes sociais \u00e9 fundamental para entendermos se as estrat\u00e9gias que estamos a implementar est\u00e3o a resultar. Esta an\u00e1lise deve ser frequente para que possamos reconstruir uma campanha com uma baixa taxa de sucesso e testar novas abordagens. Este \u00e9 o elemento-chave para o sucesso de uma boa gest\u00e3o de redes sociais.<\/p>\n","protected":false},"excerpt":{"rendered":"<p>STREAMING | AUDIO | IMPRESS\u00c3O | SOCIAL MEDIA Avaliamos previamente as necessidades especificas de cada evento a transmitir \u2013 localiza\u00e7\u00e3o, palco, quantidade de oradores\/ entrevistados, documentos a exibir (Powerpoint, PDF, Prezi, outros), caracter\u00edsticas da emiss\u00e3o (privada, ou p\u00fablica) e a capacidade t\u00e9cnica instalada \u2013 para garantir a qualidade m\u00e1xima de emiss\u00e3o, sem qualquer interrup\u00e7\u00e3o, com [&hellip;]<\/p>\n","protected":false},"author":1,"featured_media":0,"parent":0,"menu_order":0,"comment_status":"closed","ping_status":"closed","template":"page-template\/page-with-left-sidebar.php","meta":{"_eb_attr":"","footnotes":""},"class_list":["post-205","page","type-page","status-publish","hentry"],"_links":{"self":[{"href":"https:\/\/omestudios.pt\/index.php?rest_route=\/wp\/v2\/pages\/205","targetHints":{"allow":["GET"]}}],"collection":[{"href":"https:\/\/omestudios.pt\/index.php?rest_route=\/wp\/v2\/pages"}],"about":[{"href":"https:\/\/omestudios.pt\/index.php?rest_route=\/wp\/v2\/types\/page"}],"author":[{"embeddable":true,"href":"https:\/\/omestudios.pt\/index.php?rest_route=\/wp\/v2\/users\/1"}],"replies":[{"embeddable":true,"href":"https:\/\/omestudios.pt\/index.php?rest_route=%2Fwp%2Fv2%2Fcomments&post=205"}],"version-history":[{"count":14,"href":"https:\/\/omestudios.pt\/index.php?rest_route=\/wp\/v2\/pages\/205\/revisions"}],"predecessor-version":[{"id":542,"href":"https:\/\/omestudios.pt\/index.php?rest_route=\/wp\/v2\/pages\/205\/revisions\/542"}],"wp:attachment":[{"href":"https:\/\/omestudios.pt\/index.php?rest_route=%2Fwp%2Fv2%2Fmedia&parent=205"}],"curies":[{"name":"wp","href":"https:\/\/api.w.org\/{rel}","templated":true}]}}